{"id":5560,"date":"2021-02-19T18:12:27","date_gmt":"2021-02-19T17:12:27","guid":{"rendered":"https:\/\/www.mairec.de\/nota-legal\/"},"modified":"2025-10-30T14:23:47","modified_gmt":"2025-10-30T13:23:47","slug":"nota-legal","status":"publish","type":"page","link":"https:\/\/mairec.com\/es\/nota-legal\/","title":{"rendered":"Nota Legal"},"content":{"rendered":"\n<style type=\"text\/css\" data-created_by=\"avia_inline_auto\" id=\"style-css-av-1j3o-d135116251ac4be0fcf144c4e8fee953\">\n.avia-section.av-1j3o-d135116251ac4be0fcf144c4e8fee953{\nbackground-color:#ffffff;\nbackground-image:unset;\n}\n<\/style>\n<div id='av_section_1'  class='avia-section av-1j3o-d135116251ac4be0fcf144c4e8fee953 main_color avia-section-default avia-no-border-styling  avia-builder-el-0  el_before_av_section  avia-builder-el-first  black scrm_secall jhd_intro top text avia-bg-style-scroll container_wrap fullsize'  ><div class='container av-section-cont-open' ><main  role=\"main\" itemprop=\"mainContentOfPage\"  class='template-page content  av-content-full alpha units'><div class='post-entry post-entry-type-page post-entry-5560'><div class='entry-content-wrapper clearfix'>\n\n<style type=\"text\/css\" data-created_by=\"avia_inline_auto\" id=\"style-css-av-6d1m-5e70b4c398e00d939aa90fceb05eb449\">\n.flex_column.av-6d1m-5e70b4c398e00d939aa90fceb05eb449{\nborder-radius:0px 0px 0px 0px;\n-webkit-border-radius:0px 0px 0px 0px;\n-moz-border-radius:0px 0px 0px 0px;\n}\n<\/style>\n<div class='flex_column av-6d1m-5e70b4c398e00d939aa90fceb05eb449 av_one_full  avia-builder-el-1  avia-builder-el-no-sibling  scrm_colall jhd_txt single_header scrm_txt first flex_column_div av-zero-column-padding '   ><section  class='av_textblock_section av-31s0-0167b376f93d6f881cbb559307172c8d'  itemscope=\"itemscope\" itemtype=\"https:\/\/schema.org\/CreativeWork\" ><div class='avia_textblock invalid-custom-class-found jhd_center_'  itemprop=\"text\" ><h1>Nota Legal<\/h1>\n<\/div><\/section><br \/>\n<section  class='av_textblock_section av-31s0-17-382e9cc8a9e56b3ec19fef4be110d1c0'  itemscope=\"itemscope\" itemtype=\"https:\/\/schema.org\/CreativeWork\" ><div class='avia_textblock jhd_center_'  itemprop=\"text\" ><p>Responsable seg\u00fan \u00a7 18 Abs.1 lit.2 MStV: Julia Maier (direcci\u00f3n a continuaci\u00f3n)<\/p>\n<\/div><\/section><\/p><\/div>\n\n<\/div><\/div><\/main><!-- close content main element --><\/div><\/div>\n<style type=\"text\/css\" data-created_by=\"avia_inline_auto\" id=\"style-css-av-1j3o-18-be6e0979cc7ddea2956661bd1ee7e0b5\">\n.avia-section.av-1j3o-18-be6e0979cc7ddea2956661bd1ee7e0b5{\nbackground-color:#ffffff;\nbackground-image:unset;\n}\n<\/style>\n<div id='av_section_2'  class='avia-section av-1j3o-18-be6e0979cc7ddea2956661bd1ee7e0b5 main_color avia-section-small avia-no-border-styling  avia-builder-el-4  el_after_av_section  el_before_av_section  white scrm_secall jhd_intro bottom avia-bg-style-scroll container_wrap fullsize'  ><div class='container av-section-cont-open' ><div class='template-page content  av-content-full alpha units'><div class='post-entry post-entry-type-page post-entry-5560'><div class='entry-content-wrapper clearfix'>\n<div class='flex_column_table av-d914-ce68ea5a714aa833f8f80b9fc7c0a1cf sc-av_one_full av-equal-height-column-flextable'>\n<style type=\"text\/css\" data-created_by=\"avia_inline_auto\" id=\"style-css-av-d914-ce68ea5a714aa833f8f80b9fc7c0a1cf\">\n.flex_column.av-d914-ce68ea5a714aa833f8f80b9fc7c0a1cf{\nborder-radius:0px 0px 0px 0px;\n-webkit-border-radius:0px 0px 0px 0px;\n-moz-border-radius:0px 0px 0px 0px;\n}\n<\/style>\n<div class='flex_column av-d914-ce68ea5a714aa833f8f80b9fc7c0a1cf av_one_full  avia-builder-el-5  avia-builder-el-no-sibling  scrm_colall jhd_txt jhd_legalnotice scrm_txt first flex_column_table_cell av-equal-height-column av-align-top av-zero-column-padding '   ><section  class='av_textblock_section av-31s0-16-fdbd23bc9554842044c6d9a595259afe'  itemscope=\"itemscope\" itemtype=\"https:\/\/schema.org\/CreativeWork\" ><div class='avia_textblock'  itemprop=\"text\" ><p><strong>MAIREC <\/strong>Edelmetallgesellschaft mbH<br \/>Siemensstra\u00dfe 20<br \/>63755 Alzenau, Alemania<\/p>\n<p>Tel\u00e9fono: <a class=\"jh_ftel_\" href=\"tel:0049602391690\">+49 6023 9169-0<\/a><br \/>Fax: +49 6023 9169-10<br \/>Correo electr\u00f3nico: <a class=\"jhd_fmail_\" href=\"&#x6d;&#x61;&#x69;&#x6c;&#116;&#111;&#58;in&#x66;&#x6f;&#x40;&#x6d;&#x61;&#105;&#114;&#101;c&#46;&#x63;&#x6f;&#x6d;\">&#x69;&#x6e;&#x66;&#x6f;&#x40;&#x6d;&#x61;&#105;&#114;&#101;&#99;&#46;com<\/a><\/p>\n<p>Administrador con poder de representaci\u00f3n: Julia Maier<br \/>Domicilio de la sociedad: Alzenau<br \/>Registro Mercantil: Juzgado de Primera Instancia de Aschaffenburg<br \/>N\u00famero de Registro: <span class=\"nowrap\">HRB 8818<\/span><\/p>\n<p>N\u00famero de identificaci\u00f3n a efectos del IVA, seg\u00fan el art\u00edculo 27 a de la Ley alemana del impuesto sobre el valor a\u00f1adido: <span class=\"nowrap\">DE 813 792 618<\/span><br \/>Responsable seg\u00fan \u00a7 18 Abs.2 MStV: Julia Maier (direcci\u00f3n como arriba)<\/p>\n<\/div><\/section><\/div><\/div><!--close column table wrapper. Autoclose: 1 --><\/div><\/div><\/div><!-- close content main div --><\/div><\/div>\n<style type=\"text\/css\" data-created_by=\"avia_inline_auto\" id=\"style-css-av-1j3o-15-6f59c4993a9a78c16dc9be6a67dc063a\">\n.avia-section.av-1j3o-15-6f59c4993a9a78c16dc9be6a67dc063a{\nbackground-color:#ffffff;\nbackground-image:unset;\n}\n<\/style>\n<div id='av_section_3'  class='avia-section av-1j3o-15-6f59c4993a9a78c16dc9be6a67dc063a main_color avia-section-small avia-no-border-styling  avia-builder-el-7  el_after_av_section  el_before_av_section  white scrm_secall jhd_intro bottom avia-bg-style-scroll container_wrap fullsize'  ><div class='container av-section-cont-open' ><div class='template-page content  av-content-full alpha units'><div class='post-entry post-entry-type-page post-entry-5560'><div class='entry-content-wrapper clearfix'>\n<div class='flex_column_table av-d914-14-eeb3d32dac4ab2c414950415abbd8b82 sc-av_one_full av-equal-height-column-flextable'>\n<style type=\"text\/css\" data-created_by=\"avia_inline_auto\" id=\"style-css-av-d914-14-eeb3d32dac4ab2c414950415abbd8b82\">\n.flex_column.av-d914-14-eeb3d32dac4ab2c414950415abbd8b82{\nborder-radius:0px 0px 0px 0px;\n-webkit-border-radius:0px 0px 0px 0px;\n-moz-border-radius:0px 0px 0px 0px;\n}\n<\/style>\n<div class='flex_column av-d914-14-eeb3d32dac4ab2c414950415abbd8b82 av_one_full  avia-builder-el-8  avia-builder-el-no-sibling  scrm_colall jhd_txt jhd_legalnotice scrm_txt first flex_column_table_cell av-equal-height-column av-align-top av-zero-column-padding '   ><section  class='av_textblock_section av-31s0-13-647ae547cd0d6213ec1b9fffde48d286'  itemscope=\"itemscope\" itemtype=\"https:\/\/schema.org\/CreativeWork\" ><div class='avia_textblock'  itemprop=\"text\" ><h4>Indicaciones legales (Disclaimer)<\/h4>\n<p>Tenga en cuenta los avisos legales relevantes acerca del contenido y la disponibilidad de estas p\u00e1ginas web, acerca de los derechos de propiedad intelectual y los enlaces externos.<\/p>\n<\/div><\/section><\/div><\/div><!--close column table wrapper. Autoclose: 1 -->\n<\/p>\n<\/div><\/div><\/div><!-- close content main div --><\/div><\/div>\n<style type=\"text\/css\" data-created_by=\"avia_inline_auto\" id=\"style-css-av-1j3o-12-c5bdcec5e5ade297bd9552893f2d5ff4\">\n.avia-section.av-1j3o-12-c5bdcec5e5ade297bd9552893f2d5ff4{\nbackground-color:#ffffff;\nbackground-image:unset;\n}\n<\/style>\n<div id='av_section_4'  class='avia-section av-1j3o-12-c5bdcec5e5ade297bd9552893f2d5ff4 main_color avia-section-small avia-no-border-styling  avia-builder-el-10  el_after_av_section  el_before_av_section  white scrm_secall jhd_intro top avia-bg-style-scroll container_wrap fullsize'  ><div class='container av-section-cont-open' ><div class='template-page content  av-content-full alpha units'><div class='post-entry post-entry-type-page post-entry-5560'><div class='entry-content-wrapper clearfix'>\n<div class='flex_column_table av-d914-11-f886346ebfe50f6cec5fc7f2da07ac7c sc-av_one_full av-equal-height-column-flextable'>\n<style type=\"text\/css\" data-created_by=\"avia_inline_auto\" id=\"style-css-av-d914-11-f886346ebfe50f6cec5fc7f2da07ac7c\">\n.flex_column.av-d914-11-f886346ebfe50f6cec5fc7f2da07ac7c{\nborder-radius:0px 0px 0px 0px;\n-webkit-border-radius:0px 0px 0px 0px;\n-moz-border-radius:0px 0px 0px 0px;\n}\n<\/style>\n<div class='flex_column av-d914-11-f886346ebfe50f6cec5fc7f2da07ac7c av_one_full  avia-builder-el-11  avia-builder-el-no-sibling  scrm_colall jhd_txt jhd_legalnotice scrm_txt first flex_column_table_cell av-equal-height-column av-align-top av-zero-column-padding '   ><section  class='av_textblock_section av-31s0-10-0e8fd511a2693d218e7b46d9be8117f9'  itemscope=\"itemscope\" itemtype=\"https:\/\/schema.org\/CreativeWork\" ><div class='avia_textblock'  itemprop=\"text\" ><h4>Contenido de esta p\u00e1gina web<\/h4>\n<p>Los contenidos de esta p\u00e1gina web se han preparado con la mayor diligencia. No obstante, Mairec no asumir\u00e1 ninguna responsabilidad por la correcci\u00f3n, la integridad y la actualidad de los contenidos puestos a disposici\u00f3n.<\/p>\n<\/div><\/section><\/div><\/div><!--close column table wrapper. Autoclose: 1 -->\n\n<\/div><\/div><\/div><!-- close content main div --><\/div><\/div>\n<style type=\"text\/css\" data-created_by=\"avia_inline_auto\" id=\"style-css-av-1j3o-9-bd3f63cce84fd6b4e266ed1b5a37026e\">\n.avia-section.av-1j3o-9-bd3f63cce84fd6b4e266ed1b5a37026e{\nbackground-color:#ffffff;\nbackground-image:unset;\n}\n<\/style>\n<div id='av_section_5'  class='avia-section av-1j3o-9-bd3f63cce84fd6b4e266ed1b5a37026e main_color avia-section-small avia-no-border-styling  avia-builder-el-13  el_after_av_section  el_before_av_section  white scrm_secall jhd_intro bottom avia-bg-style-scroll container_wrap fullsize'  ><div class='container av-section-cont-open' ><div class='template-page content  av-content-full alpha units'><div class='post-entry post-entry-type-page post-entry-5560'><div class='entry-content-wrapper clearfix'>\n<div class='flex_column_table av-d914-8-f873884f47199cfff8db7237f0ba89f7 sc-av_one_full av-equal-height-column-flextable'>\n<style type=\"text\/css\" data-created_by=\"avia_inline_auto\" id=\"style-css-av-d914-8-f873884f47199cfff8db7237f0ba89f7\">\n.flex_column.av-d914-8-f873884f47199cfff8db7237f0ba89f7{\nborder-radius:0px 0px 0px 0px;\n-webkit-border-radius:0px 0px 0px 0px;\n-moz-border-radius:0px 0px 0px 0px;\n}\n<\/style>\n<div class='flex_column av-d914-8-f873884f47199cfff8db7237f0ba89f7 av_one_full  avia-builder-el-14  avia-builder-el-no-sibling  scrm_colall jhd_txt jhd_legalnotice scrm_txt first flex_column_table_cell av-equal-height-column av-align-top av-zero-column-padding '   ><section  class='av_textblock_section av-31s0-7-90c1d8fe3dde91fab066d4f26b8e7ecc'  itemscope=\"itemscope\" itemtype=\"https:\/\/schema.org\/CreativeWork\" ><div class='avia_textblock'  itemprop=\"text\" ><h4>Disposici\u00f3n de la p\u00e1gina web<\/h4>\n<p>El prop\u00f3sito de Mairec es ofrecer un acceso ininterrumpido a este servicio, con las menores interrupciones posibles. No obstante, aun poniendo todo de nuestra parte, no podemos descartar periodos de inactividad. La empresa se reserva el derecho a modificar o retirar su oferta en todo momento. No podemos garantizar que no se produzcan interrupciones u otras perturbaciones debidas a archivos o formatos estructurados no exentos de errores.<\/p>\n<\/div><\/section><\/div><\/div><!--close column table wrapper. Autoclose: 1 -->\n\n<\/div><\/div><\/div><!-- close content main div --><\/div><\/div>\n<style type=\"text\/css\" data-created_by=\"avia_inline_auto\" id=\"style-css-av-1j3o-6-fdf913d4a8a1d5f38ac8920bd90309e7\">\n.avia-section.av-1j3o-6-fdf913d4a8a1d5f38ac8920bd90309e7{\nbackground-color:#ffffff;\nbackground-image:unset;\n}\n<\/style>\n<div id='av_section_6'  class='avia-section av-1j3o-6-fdf913d4a8a1d5f38ac8920bd90309e7 main_color avia-section-small avia-no-border-styling  avia-builder-el-16  el_after_av_section  el_before_av_section  white scrm_secall jhd_intro bottom avia-bg-style-scroll container_wrap fullsize'  ><div class='container av-section-cont-open' ><div class='template-page content  av-content-full alpha units'><div class='post-entry post-entry-type-page post-entry-5560'><div class='entry-content-wrapper clearfix'>\n<div class='flex_column_table av-d914-5-bde146c7308daa9606c00e2865838238 sc-av_one_full av-equal-height-column-flextable'>\n<style type=\"text\/css\" data-created_by=\"avia_inline_auto\" id=\"style-css-av-d914-5-bde146c7308daa9606c00e2865838238\">\n.flex_column.av-d914-5-bde146c7308daa9606c00e2865838238{\nborder-radius:0px 0px 0px 0px;\n-webkit-border-radius:0px 0px 0px 0px;\n-moz-border-radius:0px 0px 0px 0px;\n}\n<\/style>\n<div class='flex_column av-d914-5-bde146c7308daa9606c00e2865838238 av_one_full  avia-builder-el-17  avia-builder-el-no-sibling  scrm_colall jhd_txt jhd_legalnotice scrm_txt first flex_column_table_cell av-equal-height-column av-align-top av-zero-column-padding '   ><section  class='av_textblock_section av-31s0-4-ace652bc34cef18b2d0c3420b2652c22'  itemscope=\"itemscope\" itemtype=\"https:\/\/schema.org\/CreativeWork\" ><div class='avia_textblock'  itemprop=\"text\" ><h4>Derechos de propiedad intelectual<\/h4>\n<p>Todos los contenidos y estructuras de esta p\u00e1gina web est\u00e1n protegidos por derechos de autor y propiedad intelectual. La publicaci\u00f3n en la world wide web o en otros servicios de Internet no implican que exista una declaraci\u00f3n de consentimiento para un uso diferente por parte de terceros. Toda utilizaci\u00f3n no autorizada por el derecho de propiedad intelectual alem\u00e1n estar\u00e1 sujeta a su consentimiento previo por escrito.<\/p>\n<\/div><\/section><\/div><\/div><!--close column table wrapper. Autoclose: 1 -->\n\n<\/div><\/div><\/div><!-- close content main div --><\/div><\/div>\n<style type=\"text\/css\" data-created_by=\"avia_inline_auto\" id=\"style-css-av-1j3o-3-09c00ac17f71fefbac88497fcdcd244d\">\n.avia-section.av-1j3o-3-09c00ac17f71fefbac88497fcdcd244d{\nbackground-color:#ffffff;\nbackground-image:unset;\n}\n<\/style>\n<div id='av_section_7'  class='avia-section av-1j3o-3-09c00ac17f71fefbac88497fcdcd244d main_color avia-section-small avia-no-border-styling  avia-builder-el-19  el_after_av_section  avia-builder-el-last  white scrm_secall jhd_intro bottom avia-bg-style-scroll container_wrap fullsize'  ><div class='container av-section-cont-open' ><div class='template-page content  av-content-full alpha units'><div class='post-entry post-entry-type-page post-entry-5560'><div class='entry-content-wrapper clearfix'>\n<div class='flex_column_table av-d914-2-7a5ff5c77c1ba70669700eb004f2ac18 sc-av_one_full av-equal-height-column-flextable'>\n<style type=\"text\/css\" data-created_by=\"avia_inline_auto\" id=\"style-css-av-d914-2-7a5ff5c77c1ba70669700eb004f2ac18\">\n.flex_column.av-d914-2-7a5ff5c77c1ba70669700eb004f2ac18{\nborder-radius:0px 0px 0px 0px;\n-webkit-border-radius:0px 0px 0px 0px;\n-moz-border-radius:0px 0px 0px 0px;\n}\n<\/style>\n<div class='flex_column av-d914-2-7a5ff5c77c1ba70669700eb004f2ac18 av_one_full  avia-builder-el-20  avia-builder-el-no-sibling  scrm_colall jhd_txt jhd_legalnotice scrm_txt first flex_column_table_cell av-equal-height-column av-align-top av-zero-column-padding '   ><section  class='av_textblock_section av-31s0-1-dae3076841355d767fa5b1d19e641dba'  itemscope=\"itemscope\" itemtype=\"https:\/\/schema.org\/CreativeWork\" ><div class='avia_textblock'  itemprop=\"text\" ><h4>Indicaci\u00f3n acerca de los enlaces externos<\/h4>\n<p>Como proveedor de contenidos, MAIREC se responsabiliza, de conformidad con el art\u00edculo\u00a07, apartado\u00a01, de la Ley alemana de telecomunicaciones y con la legislaci\u00f3n general, de los \u00abcontenidos propios\u00bb que mantenga disponibles para su uso.<\/p>\n<p>Deben distinguirse de los anteriores las remisiones (enlaces o links) a los contenidos que ofrecen otros proveedores. En este sentido, mediante las remisiones, MAIREC disponibiliza \u00abcontenidos ajenos\u00bb que se caracterizan por lo siguiente: Los enlaces son siempre referencias vivas (din\u00e1micas). Al incluir una referencia por primera vez, MAIREC comprueba que estos contenidos ajenos no den lugar a eventuales responsabilidades civiles o penales. Sin embargo, la empresa no supervisa de manera constante las modificaciones a aquellos contenidos con los que se vincule su oferta y que pudieran dar lugar una nueva responsabilidad.<\/p>\n<p>En el momento en que MAIREC constate o sea informada por parte de terceros de que una oferta concreta, para cuyo acceso ha disponibilizado un enlace, genere responsabilidades civiles o penales, eliminar\u00e1 la referencia a dicha oferta.<\/p>\n<\/div><\/section><\/div><\/div><!--close column table wrapper. Autoclose: 1 -->\n\n","protected":false},"excerpt":{"rendered":"","protected":false},"author":1,"featured_media":0,"parent":0,"menu_order":703,"comment_status":"closed","ping_status":"closed","template":"","meta":{"footnotes":""},"class_list":["post-5560","page","type-page","status-publish","hentry"],"yoast_head":"<!-- This site is optimized with the Yoast SEO plugin v27.2 - https:\/\/yoast.com\/product\/yoast-seo-wordpress\/ -->\n<title>MAIREC \u2013\u00a0reciclaje de metales preciosos \u2013 Nota Legal<\/title>\n<meta name=\"description\" content=\"RECICLAMOS HOY. PARA NUESTRO MUNDO DEL MA\u00d1ANA. MAIREC est\u00e1 especializada en el reciclaje de materiales que contienen metales preciosos.\" \/>\n<meta name=\"robots\" content=\"noindex, nofollow\" \/>\n<meta property=\"og:locale\" content=\"es_ES\" \/>\n<meta property=\"og:type\" content=\"article\" \/>\n<meta property=\"og:title\" content=\"MAIREC \u2013\u00a0reciclaje de metales preciosos \u2013 Nota Legal\" \/>\n<meta property=\"og:description\" content=\"RECICLAMOS HOY. PARA NUESTRO MUNDO DEL MA\u00d1ANA. MAIREC est\u00e1 especializada en el reciclaje de materiales que contienen metales preciosos.\" \/>\n<meta property=\"og:url\" content=\"https:\/\/mairec.com\/legal-notice\/\" \/>\n<meta property=\"og:site_name\" content=\"MAIREC\" \/>\n<meta property=\"article:publisher\" content=\"https:\/\/www.facebook.com\/mairecmarketing\" \/>\n<meta property=\"article:modified_time\" content=\"2025-10-30T13:23:47+00:00\" \/>\n<meta name=\"twitter:card\" content=\"summary_large_image\" \/>\n<meta name=\"twitter:label1\" content=\"Tiempo de lectura\" \/>\n\t<meta name=\"twitter:data1\" content=\"11 minutos\" \/>\n<!-- \/ Yoast SEO plugin. -->","yoast_head_json":{"title":"MAIREC \u2013\u00a0reciclaje de metales preciosos \u2013 Nota Legal","description":"RECICLAMOS HOY. PARA NUESTRO MUNDO DEL MA\u00d1ANA. MAIREC est\u00e1 especializada en el reciclaje de materiales que contienen metales preciosos.","robots":{"index":"noindex","follow":"nofollow"},"og_locale":"es_ES","og_type":"article","og_title":"MAIREC \u2013\u00a0reciclaje de metales preciosos \u2013 Nota Legal","og_description":"RECICLAMOS HOY. PARA NUESTRO MUNDO DEL MA\u00d1ANA. MAIREC est\u00e1 especializada en el reciclaje de materiales que contienen metales preciosos.","og_url":"https:\/\/mairec.com\/legal-notice\/","og_site_name":"MAIREC","article_publisher":"https:\/\/www.facebook.com\/mairecmarketing","article_modified_time":"2025-10-30T13:23:47+00:00","twitter_card":"summary_large_image","twitter_misc":{"Tiempo de lectura":"11 minutos"},"schema":{"@context":"https:\/\/schema.org","@graph":[{"@type":"WebPage","@id":"https:\/\/mairec.com\/legal-notice\/","url":"https:\/\/mairec.com\/legal-notice\/","name":"MAIREC \u2013\u00a0reciclaje de metales preciosos \u2013 Nota Legal","isPartOf":{"@id":"https:\/\/mairec.com\/fr\/#website"},"datePublished":"2021-02-19T17:12:27+00:00","dateModified":"2025-10-30T13:23:47+00:00","description":"RECICLAMOS HOY. PARA NUESTRO MUNDO DEL MA\u00d1ANA. MAIREC est\u00e1 especializada en el reciclaje de materiales que contienen metales preciosos.","breadcrumb":{"@id":"https:\/\/mairec.com\/legal-notice\/#breadcrumb"},"inLanguage":"es","potentialAction":[{"@type":"ReadAction","target":["https:\/\/mairec.com\/legal-notice\/"]}]},{"@type":"BreadcrumbList","@id":"https:\/\/mairec.com\/legal-notice\/#breadcrumb","itemListElement":[{"@type":"ListItem","position":1,"name":"Startseite","item":"https:\/\/mairec.com\/startseite-en-2\/"},{"@type":"ListItem","position":2,"name":"Nota Legal"}]},{"@type":"WebSite","@id":"https:\/\/mairec.com\/fr\/#website","url":"https:\/\/mairec.com\/fr\/","name":"MAIREC","description":"Edelmetallrecycling","publisher":{"@id":"https:\/\/mairec.com\/fr\/#organization"},"potentialAction":[{"@type":"SearchAction","target":{"@type":"EntryPoint","urlTemplate":"https:\/\/mairec.com\/fr\/?s={search_term_string}"},"query-input":{"@type":"PropertyValueSpecification","valueRequired":true,"valueName":"search_term_string"}}],"inLanguage":"es"},{"@type":"Organization","@id":"https:\/\/mairec.com\/fr\/#organization","name":"MAIREC","url":"https:\/\/mairec.com\/fr\/","logo":{"@type":"ImageObject","inLanguage":"es","@id":"https:\/\/mairec.com\/fr\/#\/schema\/logo\/image\/","url":"https:\/\/mairec.com\/wp-content\/uploads\/2018\/10\/mairec-edelmetall-precious-metals-recycling-logo-hf.png","contentUrl":"https:\/\/mairec.com\/wp-content\/uploads\/2018\/10\/mairec-edelmetall-precious-metals-recycling-logo-hf.png","width":1800,"height":587,"caption":"MAIREC"},"image":{"@id":"https:\/\/mairec.com\/fr\/#\/schema\/logo\/image\/"},"sameAs":["https:\/\/www.facebook.com\/mairecmarketing","https:\/\/www.linkedin.com\/company\/mairec-edelmetallgesellschaft-mbh\/","https:\/\/www.xing.com\/companies\/mairecedelmetallgesellschaftmbh","https:\/\/www.instagram.com\/mairec.de\/","https:\/\/www.kununu.com\/de\/mairec"]}]}},"publishpress_future_action":{"enabled":false,"date":"2026-04-13 15:42:45","action":"change-status","newStatus":"draft","terms":[],"taxonomy":"translation_priority","extraData":[]},"publishpress_future_workflow_manual_trigger":{"enabledWorkflows":[]},"_links":{"self":[{"href":"https:\/\/mairec.com\/es\/wp-json\/wp\/v2\/pages\/5560","targetHints":{"allow":["GET"]}}],"collection":[{"href":"https:\/\/mairec.com\/es\/wp-json\/wp\/v2\/pages"}],"about":[{"href":"https:\/\/mairec.com\/es\/wp-json\/wp\/v2\/types\/page"}],"author":[{"embeddable":true,"href":"https:\/\/mairec.com\/es\/wp-json\/wp\/v2\/users\/1"}],"replies":[{"embeddable":true,"href":"https:\/\/mairec.com\/es\/wp-json\/wp\/v2\/comments?post=5560"}],"version-history":[{"count":0,"href":"https:\/\/mairec.com\/es\/wp-json\/wp\/v2\/pages\/5560\/revisions"}],"wp:attachment":[{"href":"https:\/\/mairec.com\/es\/wp-json\/wp\/v2\/media?parent=5560"}],"curies":[{"name":"wp","href":"https:\/\/api.w.org\/{rel}","templated":true}]}}