{"id":19,"date":"2018-10-02T14:02:30","date_gmt":"2018-10-02T12:02:30","guid":{"rendered":"http:\/\/local-mairec\/?page_id=19"},"modified":"2025-10-30T08:56:25","modified_gmt":"2025-10-30T07:56:25","slug":"impressum","status":"publish","type":"page","link":"https:\/\/mairec.com\/de\/impressum\/","title":{"rendered":"Impressum"},"content":{"rendered":"\n<style type=\"text\/css\" data-created_by=\"avia_inline_auto\" id=\"style-css-av-1j3o-d135116251ac4be0fcf144c4e8fee953\">\n.avia-section.av-1j3o-d135116251ac4be0fcf144c4e8fee953{\nbackground-color:#ffffff;\nbackground-image:unset;\n}\n<\/style>\n<div id='av_section_1'  class='avia-section av-1j3o-d135116251ac4be0fcf144c4e8fee953 main_color avia-section-default avia-no-border-styling  avia-builder-el-0  el_before_av_section  avia-builder-el-first  black scrm_secall jhd_intro top text avia-bg-style-scroll container_wrap fullsize'  ><div class='container av-section-cont-open' ><main  role=\"main\" itemprop=\"mainContentOfPage\"  class='template-page content  av-content-full alpha units'><div class='post-entry post-entry-type-page post-entry-19'><div class='entry-content-wrapper clearfix'>\n\n<style type=\"text\/css\" data-created_by=\"avia_inline_auto\" id=\"style-css-av-6d1m-5e70b4c398e00d939aa90fceb05eb449\">\n.flex_column.av-6d1m-5e70b4c398e00d939aa90fceb05eb449{\nborder-radius:0px 0px 0px 0px;\n-webkit-border-radius:0px 0px 0px 0px;\n-moz-border-radius:0px 0px 0px 0px;\n}\n<\/style>\n<div class='flex_column av-6d1m-5e70b4c398e00d939aa90fceb05eb449 av_one_full  avia-builder-el-1  avia-builder-el-no-sibling  scrm_colall jhd_txt single_header scrm_txt first flex_column_div av-zero-column-padding '   ><section  class='av_textblock_section av-31s0-0167b376f93d6f881cbb559307172c8d'  itemscope=\"itemscope\" itemtype=\"https:\/\/schema.org\/CreativeWork\" ><div class='avia_textblock invalid-custom-class-found jhd_center_'  itemprop=\"text\" ><h1>Impressum<\/h1>\n<\/div><\/section><br \/>\n<section  class='av_textblock_section av-31s0-17-382e9cc8a9e56b3ec19fef4be110d1c0'  itemscope=\"itemscope\" itemtype=\"https:\/\/schema.org\/CreativeWork\" ><div class='avia_textblock jhd_center_'  itemprop=\"text\" ><p>Verantwortlich i.S.d. \u00a7 18 Abs. 2 MStV: Julia Maier (Anschrift wie unten)<\/p>\n<\/div><\/section><\/p><\/div>\n\n<\/div><\/div><\/main><!-- close content main element --><\/div><\/div>\n<style type=\"text\/css\" data-created_by=\"avia_inline_auto\" id=\"style-css-av-1j3o-18-be6e0979cc7ddea2956661bd1ee7e0b5\">\n.avia-section.av-1j3o-18-be6e0979cc7ddea2956661bd1ee7e0b5{\nbackground-color:#ffffff;\nbackground-image:unset;\n}\n<\/style>\n<div id='av_section_2'  class='avia-section av-1j3o-18-be6e0979cc7ddea2956661bd1ee7e0b5 main_color avia-section-small avia-no-border-styling  avia-builder-el-4  el_after_av_section  el_before_av_section  white scrm_secall jhd_intro bottom avia-bg-style-scroll container_wrap fullsize'  ><div class='container av-section-cont-open' ><div class='template-page content  av-content-full alpha units'><div class='post-entry post-entry-type-page post-entry-19'><div class='entry-content-wrapper clearfix'>\n<div class='flex_column_table av-d914-ce68ea5a714aa833f8f80b9fc7c0a1cf sc-av_one_full av-equal-height-column-flextable'>\n<style type=\"text\/css\" data-created_by=\"avia_inline_auto\" id=\"style-css-av-d914-ce68ea5a714aa833f8f80b9fc7c0a1cf\">\n.flex_column.av-d914-ce68ea5a714aa833f8f80b9fc7c0a1cf{\nborder-radius:0px 0px 0px 0px;\n-webkit-border-radius:0px 0px 0px 0px;\n-moz-border-radius:0px 0px 0px 0px;\n}\n<\/style>\n<div class='flex_column av-d914-ce68ea5a714aa833f8f80b9fc7c0a1cf av_one_full  avia-builder-el-5  avia-builder-el-no-sibling  scrm_colall jhd_txt jhd_legalnotice scrm_txt first flex_column_table_cell av-equal-height-column av-align-top av-zero-column-padding '   ><section  class='av_textblock_section av-31s0-16-fdbd23bc9554842044c6d9a595259afe'  itemscope=\"itemscope\" itemtype=\"https:\/\/schema.org\/CreativeWork\" ><div class='avia_textblock'  itemprop=\"text\" ><p><strong>MAIREC <\/strong>Edelmetallgesellschaft mbH<br \/>\nSiemensstra\u00dfe 20<br \/>\n63755 Alzenau \/ Germany<\/p>\n<p>Telefon: <a class=\"jh_ftel_\" href=\"tel:0049602391690\">+49 6023 9169-0<\/a><br \/>\nTelefax: +49 6023 9169-10<br \/>\nE-Mail: <a class=\"jhd_fmail_\" href=\"&#109;&#97;&#x69;l&#116;&#x6f;&#x3a;i&#110;&#x66;&#x6f;&#64;&#109;&#x61;i&#114;&#x65;&#x63;&#46;&#99;&#x6f;&#x6d;\">&#x69;n&#x66;&#111;&#64;&#x6d;&#97;&#x69;&#114;e&#x63;&#46;&#x63;&#111;m<\/a><\/p>\n<p>Vertretungsberechtigte Gesch\u00e4ftsf\u00fchrer: Julia Maier<br \/>\nSitz der Gesellschaft: Alzenau<br \/>\nRegistergericht \/ Handelsregister: Amtsgericht Aschaffenburg<br \/>\nRegisternummer: <span class=\"nowrap\">HRB 8818<\/span><\/p>\n<p>Umsatzsteuer-Identifikationsnummer gem\u00e4\u00df \u00a7 27 a Umsatzsteuergesetz: <span class=\"nowrap\">DE 813 792 618<\/span><br \/>\nVerantwortlich i.S.d. \u00a7 18 Abs. 2 MStV: Julia Maier (Anschrift wie oben)<\/p>\n<\/div><\/section><\/div><\/div><!--close column table wrapper. Autoclose: 1 --><\/div><\/div><\/div><!-- close content main div --><\/div><\/div>\n<style type=\"text\/css\" data-created_by=\"avia_inline_auto\" id=\"style-css-av-1j3o-15-6f59c4993a9a78c16dc9be6a67dc063a\">\n.avia-section.av-1j3o-15-6f59c4993a9a78c16dc9be6a67dc063a{\nbackground-color:#ffffff;\nbackground-image:unset;\n}\n<\/style>\n<div id='av_section_3'  class='avia-section av-1j3o-15-6f59c4993a9a78c16dc9be6a67dc063a main_color avia-section-small avia-no-border-styling  avia-builder-el-7  el_after_av_section  el_before_av_section  white scrm_secall jhd_intro bottom avia-bg-style-scroll container_wrap fullsize'  ><div class='container av-section-cont-open' ><div class='template-page content  av-content-full alpha units'><div class='post-entry post-entry-type-page post-entry-19'><div class='entry-content-wrapper clearfix'>\n<div class='flex_column_table av-d914-14-eeb3d32dac4ab2c414950415abbd8b82 sc-av_one_full av-equal-height-column-flextable'>\n<style type=\"text\/css\" data-created_by=\"avia_inline_auto\" id=\"style-css-av-d914-14-eeb3d32dac4ab2c414950415abbd8b82\">\n.flex_column.av-d914-14-eeb3d32dac4ab2c414950415abbd8b82{\nborder-radius:0px 0px 0px 0px;\n-webkit-border-radius:0px 0px 0px 0px;\n-moz-border-radius:0px 0px 0px 0px;\n}\n<\/style>\n<div class='flex_column av-d914-14-eeb3d32dac4ab2c414950415abbd8b82 av_one_full  avia-builder-el-8  avia-builder-el-no-sibling  scrm_colall jhd_txt jhd_legalnotice scrm_txt first flex_column_table_cell av-equal-height-column av-align-top av-zero-column-padding '   ><section  class='av_textblock_section av-31s0-13-647ae547cd0d6213ec1b9fffde48d286'  itemscope=\"itemscope\" itemtype=\"https:\/\/schema.org\/CreativeWork\" ><div class='avia_textblock'  itemprop=\"text\" ><h4>Rechtliche Hinweise (Disclaimer)<\/h4>\n<p>Bitte beachten Sie die wichtigen rechtlichen Hinweise zu den Inhalten und zur Verf\u00fcgbarkeit dieser Webseiten, zum Urheberrecht und zu externen Links.<\/p>\n<\/div><\/section><\/div><\/div><!--close column table wrapper. Autoclose: 1 -->\n<\/p>\n<\/div><\/div><\/div><!-- close content main div --><\/div><\/div>\n<style type=\"text\/css\" data-created_by=\"avia_inline_auto\" id=\"style-css-av-1j3o-12-c5bdcec5e5ade297bd9552893f2d5ff4\">\n.avia-section.av-1j3o-12-c5bdcec5e5ade297bd9552893f2d5ff4{\nbackground-color:#ffffff;\nbackground-image:unset;\n}\n<\/style>\n<div id='av_section_4'  class='avia-section av-1j3o-12-c5bdcec5e5ade297bd9552893f2d5ff4 main_color avia-section-small avia-no-border-styling  avia-builder-el-10  el_after_av_section  el_before_av_section  white scrm_secall jhd_intro top avia-bg-style-scroll container_wrap fullsize'  ><div class='container av-section-cont-open' ><div class='template-page content  av-content-full alpha units'><div class='post-entry post-entry-type-page post-entry-19'><div class='entry-content-wrapper clearfix'>\n<div class='flex_column_table av-d914-11-f886346ebfe50f6cec5fc7f2da07ac7c sc-av_one_full av-equal-height-column-flextable'>\n<style type=\"text\/css\" data-created_by=\"avia_inline_auto\" id=\"style-css-av-d914-11-f886346ebfe50f6cec5fc7f2da07ac7c\">\n.flex_column.av-d914-11-f886346ebfe50f6cec5fc7f2da07ac7c{\nborder-radius:0px 0px 0px 0px;\n-webkit-border-radius:0px 0px 0px 0px;\n-moz-border-radius:0px 0px 0px 0px;\n}\n<\/style>\n<div class='flex_column av-d914-11-f886346ebfe50f6cec5fc7f2da07ac7c av_one_full  avia-builder-el-11  avia-builder-el-no-sibling  scrm_colall jhd_txt jhd_legalnotice scrm_txt first flex_column_table_cell av-equal-height-column av-align-top av-zero-column-padding '   ><section  class='av_textblock_section av-31s0-10-0e8fd511a2693d218e7b46d9be8117f9'  itemscope=\"itemscope\" itemtype=\"https:\/\/schema.org\/CreativeWork\" ><div class='avia_textblock'  itemprop=\"text\" ><h4>Inhalte dieser Website<\/h4>\n<p>Die Inhalte dieser Website werden mit gr\u00f6\u00dftm\u00f6glicher Sorgfalt erstellt. Mairec \u00fcbernimmt jedoch keine Gew\u00e4hr f\u00fcr die Richtigkeit, Vollst\u00e4ndigkeit und Aktualit\u00e4t der bereitgestellten Inhalte.<\/p>\n<\/div><\/section><\/div><\/div><!--close column table wrapper. Autoclose: 1 -->\n\n<\/div><\/div><\/div><!-- close content main div --><\/div><\/div>\n<style type=\"text\/css\" data-created_by=\"avia_inline_auto\" id=\"style-css-av-1j3o-9-bd3f63cce84fd6b4e266ed1b5a37026e\">\n.avia-section.av-1j3o-9-bd3f63cce84fd6b4e266ed1b5a37026e{\nbackground-color:#ffffff;\nbackground-image:unset;\n}\n<\/style>\n<div id='av_section_5'  class='avia-section av-1j3o-9-bd3f63cce84fd6b4e266ed1b5a37026e main_color avia-section-small avia-no-border-styling  avia-builder-el-13  el_after_av_section  el_before_av_section  white scrm_secall jhd_intro bottom avia-bg-style-scroll container_wrap fullsize'  ><div class='container av-section-cont-open' ><div class='template-page content  av-content-full alpha units'><div class='post-entry post-entry-type-page post-entry-19'><div class='entry-content-wrapper clearfix'>\n<div class='flex_column_table av-d914-8-f873884f47199cfff8db7237f0ba89f7 sc-av_one_full av-equal-height-column-flextable'>\n<style type=\"text\/css\" data-created_by=\"avia_inline_auto\" id=\"style-css-av-d914-8-f873884f47199cfff8db7237f0ba89f7\">\n.flex_column.av-d914-8-f873884f47199cfff8db7237f0ba89f7{\nborder-radius:0px 0px 0px 0px;\n-webkit-border-radius:0px 0px 0px 0px;\n-moz-border-radius:0px 0px 0px 0px;\n}\n<\/style>\n<div class='flex_column av-d914-8-f873884f47199cfff8db7237f0ba89f7 av_one_full  avia-builder-el-14  avia-builder-el-no-sibling  scrm_colall jhd_txt jhd_legalnotice scrm_txt first flex_column_table_cell av-equal-height-column av-align-top av-zero-column-padding '   ><section  class='av_textblock_section av-31s0-7-90c1d8fe3dde91fab066d4f26b8e7ecc'  itemscope=\"itemscope\" itemtype=\"https:\/\/schema.org\/CreativeWork\" ><div class='avia_textblock'  itemprop=\"text\" ><h4>Verf\u00fcgbarkeit der Website<\/h4>\n<p>Mairec wird sich bem\u00fchen, den Dienst m\u00f6glichst unterbrechungsfrei zum Abruf anzubieten. Auch bei aller Sorgfalt k\u00f6nnen aber Ausfallzeiten nicht ausgeschlossen werden. Das Unternehmen beh\u00e4lt sich das Recht vor, sein Angebot jederzeit zu \u00e4ndern oder einzustellen. F\u00fcr durch nicht fehlerfrei angelegte Dateien oder nicht fehlerfrei strukturierte Formate bedingte Unterbrechungen oder anderweitige St\u00f6rungen k\u00f6nnen wir keine Gew\u00e4hr \u00fcbernehmen.<\/p>\n<\/div><\/section><\/div><\/div><!--close column table wrapper. Autoclose: 1 -->\n\n<\/div><\/div><\/div><!-- close content main div --><\/div><\/div>\n<style type=\"text\/css\" data-created_by=\"avia_inline_auto\" id=\"style-css-av-1j3o-6-fdf913d4a8a1d5f38ac8920bd90309e7\">\n.avia-section.av-1j3o-6-fdf913d4a8a1d5f38ac8920bd90309e7{\nbackground-color:#ffffff;\nbackground-image:unset;\n}\n<\/style>\n<div id='av_section_6'  class='avia-section av-1j3o-6-fdf913d4a8a1d5f38ac8920bd90309e7 main_color avia-section-small avia-no-border-styling  avia-builder-el-16  el_after_av_section  el_before_av_section  white scrm_secall jhd_intro bottom avia-bg-style-scroll container_wrap fullsize'  ><div class='container av-section-cont-open' ><div class='template-page content  av-content-full alpha units'><div class='post-entry post-entry-type-page post-entry-19'><div class='entry-content-wrapper clearfix'>\n<div class='flex_column_table av-d914-5-bde146c7308daa9606c00e2865838238 sc-av_one_full av-equal-height-column-flextable'>\n<style type=\"text\/css\" data-created_by=\"avia_inline_auto\" id=\"style-css-av-d914-5-bde146c7308daa9606c00e2865838238\">\n.flex_column.av-d914-5-bde146c7308daa9606c00e2865838238{\nborder-radius:0px 0px 0px 0px;\n-webkit-border-radius:0px 0px 0px 0px;\n-moz-border-radius:0px 0px 0px 0px;\n}\n<\/style>\n<div class='flex_column av-d914-5-bde146c7308daa9606c00e2865838238 av_one_full  avia-builder-el-17  avia-builder-el-no-sibling  scrm_colall jhd_txt jhd_legalnotice scrm_txt first flex_column_table_cell av-equal-height-column av-align-top av-zero-column-padding '   ><section  class='av_textblock_section av-31s0-4-ace652bc34cef18b2d0c3420b2652c22'  itemscope=\"itemscope\" itemtype=\"https:\/\/schema.org\/CreativeWork\" ><div class='avia_textblock'  itemprop=\"text\" ><h4>Urheberrecht<\/h4>\n<p>Alle Inhalte und Strukturen dieser Website sind urheber- und leistungs-schutzrechtlich gesch\u00fctzt. Die Ver\u00f6ffentlichung im World Wide Web oder in sonstigen Diensten des Internet bedeutet noch keine Einverst\u00e4ndniserkl\u00e4rung f\u00fcr eine anderweitige Nutzung durch Dritte. Jede vom deutschen Urheberrecht nicht zugelassene Verwertung bedarf der vorherigen schriftlichen Zustimmung.<\/p>\n<\/div><\/section><\/div><\/div><!--close column table wrapper. Autoclose: 1 -->\n\n<\/div><\/div><\/div><!-- close content main div --><\/div><\/div>\n<style type=\"text\/css\" data-created_by=\"avia_inline_auto\" id=\"style-css-av-1j3o-3-09c00ac17f71fefbac88497fcdcd244d\">\n.avia-section.av-1j3o-3-09c00ac17f71fefbac88497fcdcd244d{\nbackground-color:#ffffff;\nbackground-image:unset;\n}\n<\/style>\n<div id='av_section_7'  class='avia-section av-1j3o-3-09c00ac17f71fefbac88497fcdcd244d main_color avia-section-small avia-no-border-styling  avia-builder-el-19  el_after_av_section  avia-builder-el-last  white scrm_secall jhd_intro bottom avia-bg-style-scroll container_wrap fullsize'  ><div class='container av-section-cont-open' ><div class='template-page content  av-content-full alpha units'><div class='post-entry post-entry-type-page post-entry-19'><div class='entry-content-wrapper clearfix'>\n<div class='flex_column_table av-d914-2-7a5ff5c77c1ba70669700eb004f2ac18 sc-av_one_full av-equal-height-column-flextable'>\n<style type=\"text\/css\" data-created_by=\"avia_inline_auto\" id=\"style-css-av-d914-2-7a5ff5c77c1ba70669700eb004f2ac18\">\n.flex_column.av-d914-2-7a5ff5c77c1ba70669700eb004f2ac18{\nborder-radius:0px 0px 0px 0px;\n-webkit-border-radius:0px 0px 0px 0px;\n-moz-border-radius:0px 0px 0px 0px;\n}\n<\/style>\n<div class='flex_column av-d914-2-7a5ff5c77c1ba70669700eb004f2ac18 av_one_full  avia-builder-el-20  avia-builder-el-no-sibling  scrm_colall jhd_txt jhd_legalnotice scrm_txt first flex_column_table_cell av-equal-height-column av-align-top av-zero-column-padding '   ><section  class='av_textblock_section av-31s0-1-dae3076841355d767fa5b1d19e641dba'  itemscope=\"itemscope\" itemtype=\"https:\/\/schema.org\/CreativeWork\" ><div class='avia_textblock'  itemprop=\"text\" ><h4>Hinweis zur Problematik von externen Links<\/h4>\n<p>MAIREC ist als Inhaltsanbieter nach \u00a7 7 Abs.1 Telemediengesetz f\u00fcr die \u00bbeigenen Inhalte\u00ab, die zur Nutzung bereitgehalten werden, nach den allgemeinen Gesetzen verantwortlich.<\/p>\n<p>Von diesen eigenen Inhalten sind Querverweise \u2013 \u00bbLinks\u00ab \u2013 \u00a0auf die von anderen Anbietern bereitgehaltenen Inhalte zu unterscheiden. Durch den Querverweis h\u00e4lt MAIREC insofern \u00bbfremde Inhalte\u00ab zur Nutzung bereit, die in dieser Weise gekennzeichnet sind: Bei \u00bbLinks\u00ab handelt es sich stets um \u00bblebende\u00ab (dynamische) Verweisungen. MAIREC hat bei der erstmaligen Verkn\u00fcpfung zwar den fremden Inhalt daraufhin \u00fcberpr\u00fcft, ob durch ihn eine m\u00f6gliche zivilrechtliche oder strafrechtliche Verantwortlichkeit ausgel\u00f6st wird. Das Unternehmen \u00fcberpr\u00fcft aber die Inhalte, auf die er in seinem Angebot verweist, nicht st\u00e4ndig auf Ver\u00e4nderungen, die eine Verantwortlichkeit neu begr\u00fcnden k\u00f6nnten.<\/p>\n<p>Wenn MAIREC feststellt oder von anderen darauf hingewiesen wird, dass ein konkretes Angebot, zu dem er einen Link bereitgestellt hat, eine zivil- oder strafrechtliche Verantwortlichkeit ausl\u00f6st, wird es den Verweis auf dieses Angebot aufheben.<\/p>\n<\/div><\/section><\/div><\/div><!--close column table wrapper. Autoclose: 1 -->\n\n","protected":false},"excerpt":{"rendered":"","protected":false},"author":1,"featured_media":0,"parent":0,"menu_order":703,"comment_status":"closed","ping_status":"closed","template":"","meta":{"footnotes":""},"class_list":["post-19","page","type-page","status-publish","hentry"],"yoast_head":"<!-- This site is optimized with the Yoast SEO plugin v27.2 - https:\/\/yoast.com\/product\/yoast-seo-wordpress\/ -->\n<title>MAIREC \u2013\u00a0Edelmetall Recycling \u2013\u00a0Impressum<\/title>\n<meta name=\"description\" content=\"WIR RECYCELN HEUTE. F\u00dcR UNSERE WELT VON MORGEN. MAIREC ist auf die R\u00fcckgewinnung von Edelmetallen aus unterschiedlichen Materialien spezialisiert.\" \/>\n<meta name=\"robots\" content=\"noindex, nofollow\" \/>\n<meta property=\"og:locale\" content=\"de_DE\" \/>\n<meta property=\"og:type\" content=\"article\" \/>\n<meta property=\"og:title\" content=\"MAIREC \u2013\u00a0Edelmetall Recycling \u2013\u00a0Impressum\" \/>\n<meta property=\"og:description\" content=\"WIR RECYCELN HEUTE. F\u00dcR UNSERE WELT VON MORGEN. MAIREC ist auf die R\u00fcckgewinnung von Edelmetallen aus unterschiedlichen Materialien spezialisiert.\" \/>\n<meta property=\"og:url\" content=\"https:\/\/mairec.com\/de\/impressum\/\" \/>\n<meta property=\"og:site_name\" content=\"MAIREC\" \/>\n<meta property=\"article:publisher\" content=\"https:\/\/www.facebook.com\/mairecmarketing\" \/>\n<meta property=\"article:modified_time\" content=\"2025-10-30T07:56:25+00:00\" \/>\n<meta name=\"twitter:card\" content=\"summary_large_image\" \/>\n<meta name=\"twitter:label1\" content=\"Gesch\u00e4tzte Lesezeit\" \/>\n\t<meta name=\"twitter:data1\" content=\"11\u00a0Minuten\" \/>\n<!-- \/ Yoast SEO plugin. -->","yoast_head_json":{"title":"MAIREC \u2013\u00a0Edelmetall Recycling \u2013\u00a0Impressum","description":"WIR RECYCELN HEUTE. F\u00dcR UNSERE WELT VON MORGEN. MAIREC ist auf die R\u00fcckgewinnung von Edelmetallen aus unterschiedlichen Materialien spezialisiert.","robots":{"index":"noindex","follow":"nofollow"},"og_locale":"de_DE","og_type":"article","og_title":"MAIREC \u2013\u00a0Edelmetall Recycling \u2013\u00a0Impressum","og_description":"WIR RECYCELN HEUTE. F\u00dcR UNSERE WELT VON MORGEN. MAIREC ist auf die R\u00fcckgewinnung von Edelmetallen aus unterschiedlichen Materialien spezialisiert.","og_url":"https:\/\/mairec.com\/de\/impressum\/","og_site_name":"MAIREC","article_publisher":"https:\/\/www.facebook.com\/mairecmarketing","article_modified_time":"2025-10-30T07:56:25+00:00","twitter_card":"summary_large_image","twitter_misc":{"Gesch\u00e4tzte Lesezeit":"11\u00a0Minuten"},"schema":{"@context":"https:\/\/schema.org","@graph":[{"@type":"WebPage","@id":"https:\/\/mairec.com\/de\/impressum\/","url":"https:\/\/mairec.com\/de\/impressum\/","name":"MAIREC \u2013\u00a0Edelmetall Recycling \u2013\u00a0Impressum","isPartOf":{"@id":"https:\/\/mairec.com\/fr\/#website"},"datePublished":"2018-10-02T12:02:30+00:00","dateModified":"2025-10-30T07:56:25+00:00","description":"WIR RECYCELN HEUTE. F\u00dcR UNSERE WELT VON MORGEN. MAIREC ist auf die R\u00fcckgewinnung von Edelmetallen aus unterschiedlichen Materialien spezialisiert.","breadcrumb":{"@id":"https:\/\/mairec.com\/de\/impressum\/#breadcrumb"},"inLanguage":"de","potentialAction":[{"@type":"ReadAction","target":["https:\/\/mairec.com\/de\/impressum\/"]}]},{"@type":"BreadcrumbList","@id":"https:\/\/mairec.com\/de\/impressum\/#breadcrumb","itemListElement":[{"@type":"ListItem","position":1,"name":"Startseite","item":"https:\/\/mairec.com\/de\/startseite-de\/"},{"@type":"ListItem","position":2,"name":"Impressum"}]},{"@type":"WebSite","@id":"https:\/\/mairec.com\/fr\/#website","url":"https:\/\/mairec.com\/fr\/","name":"MAIREC","description":"Edelmetallrecycling","publisher":{"@id":"https:\/\/mairec.com\/fr\/#organization"},"potentialAction":[{"@type":"SearchAction","target":{"@type":"EntryPoint","urlTemplate":"https:\/\/mairec.com\/fr\/?s={search_term_string}"},"query-input":{"@type":"PropertyValueSpecification","valueRequired":true,"valueName":"search_term_string"}}],"inLanguage":"de"},{"@type":"Organization","@id":"https:\/\/mairec.com\/fr\/#organization","name":"MAIREC","url":"https:\/\/mairec.com\/fr\/","logo":{"@type":"ImageObject","inLanguage":"de","@id":"https:\/\/mairec.com\/fr\/#\/schema\/logo\/image\/","url":"https:\/\/mairec.com\/wp-content\/uploads\/2018\/10\/mairec-edelmetall-precious-metals-recycling-logo-hf.png","contentUrl":"https:\/\/mairec.com\/wp-content\/uploads\/2018\/10\/mairec-edelmetall-precious-metals-recycling-logo-hf.png","width":1800,"height":587,"caption":"MAIREC"},"image":{"@id":"https:\/\/mairec.com\/fr\/#\/schema\/logo\/image\/"},"sameAs":["https:\/\/www.facebook.com\/mairecmarketing","https:\/\/www.linkedin.com\/company\/mairec-edelmetallgesellschaft-mbh\/","https:\/\/www.xing.com\/companies\/mairecedelmetallgesellschaftmbh","https:\/\/www.instagram.com\/mairec.de\/","https:\/\/www.kununu.com\/de\/mairec"]}]}},"publishpress_future_action":{"enabled":false,"date":"2026-04-13 15:34:57","action":"change-status","newStatus":"draft","terms":[],"taxonomy":"translation_priority","extraData":[]},"publishpress_future_workflow_manual_trigger":{"enabledWorkflows":[]},"_links":{"self":[{"href":"https:\/\/mairec.com\/de\/wp-json\/wp\/v2\/pages\/19","targetHints":{"allow":["GET"]}}],"collection":[{"href":"https:\/\/mairec.com\/de\/wp-json\/wp\/v2\/pages"}],"about":[{"href":"https:\/\/mairec.com\/de\/wp-json\/wp\/v2\/types\/page"}],"author":[{"embeddable":true,"href":"https:\/\/mairec.com\/de\/wp-json\/wp\/v2\/users\/1"}],"replies":[{"embeddable":true,"href":"https:\/\/mairec.com\/de\/wp-json\/wp\/v2\/comments?post=19"}],"version-history":[{"count":0,"href":"https:\/\/mairec.com\/de\/wp-json\/wp\/v2\/pages\/19\/revisions"}],"wp:attachment":[{"href":"https:\/\/mairec.com\/de\/wp-json\/wp\/v2\/media?parent=19"}],"curies":[{"name":"wp","href":"https:\/\/api.w.org\/{rel}","templated":true}]}}